{"id":15994,"date":"2015-12-28T11:22:53","date_gmt":"2015-12-28T10:22:53","guid":{"rendered":"http:\/\/www.arlam.com\/fr\/produzione\/"},"modified":"2024-02-17T17:46:15","modified_gmt":"2024-02-17T16:46:15","slug":"produzione","status":"publish","type":"page","link":"https:\/\/www.arlam.com\/fr\/produzione\/","title":{"rendered":"Production"},"content":{"rendered":"<p>[vc_row css_animation=\u00a0\u00bb\u00a0\u00bb row_type=\u00a0\u00bbrow\u00a0\u00bb use_row_as_full_screen_section=\u00a0\u00bbno\u00a0\u00bb type=\u00a0\u00bbfull_width\u00a0\u00bb angled_section=\u00a0\u00bbno\u00a0\u00bb text_align=\u00a0\u00bbleft\u00a0\u00bb background_image_as_pattern=\u00a0\u00bbwithout_pattern\u00a0\u00bb][vc_column]<div class='q_icon_with_title very_large circle center '><div class=\"icon_holder q_icon_animation\" style=\" transition-delay: 200ms; -webkit-transition-delay: 200ms; -moz-transition-delay: 200ms; -o-transition-delay: 200ms;\"><span data-icon-type=\"circle\" data-icon-hover-color=\"#fc0d1b\" data-icon-hover-bg-color=\"#f9fafa\" class=\"qode_iwt_icon_holder fa-stack fa-5x  \" style=\"font-size: 48px;background-color: #f9fafa;\"><i class=\"qode_icon_font_awesome fa fa-tasks qode_iwt_icon_element\" style=\"font-size: 40px;color: #333745;\" ><\/i><\/span><\/div><div class=\"icon_text_holder\" style=\"\"><div class=\"icon_text_inner\" style=\"\"><h5 class=\"icon_title\" style=\"\">Le service complet \u00e0 la disposition du client<\/h5><p style=''><\/p><\/div><\/div><\/div>[vc_separator type=\u00a0\u00bbnormal\u00a0\u00bb][\/vc_column][\/vc_row][vc_row css_animation=\u00a0\u00bb\u00a0\u00bb row_type=\u00a0\u00bbrow\u00a0\u00bb use_row_as_full_screen_section=\u00a0\u00bbno\u00a0\u00bb type=\u00a0\u00bbfull_width\u00a0\u00bb angled_section=\u00a0\u00bbno\u00a0\u00bb text_align=\u00a0\u00bbleft\u00a0\u00bb background_image_as_pattern=\u00a0\u00bbwithout_pattern\u00a0\u00bb][vc_column width=\u00a0\u00bb1\/2&Prime;][vc_empty_space height=\u00a0\u00bb90px\u00a0\u00bb][vc_text_separator title=\u00a0\u00bbCoupe laser\u00a0\u00bb border=\u00a0\u00bbno\u00a0\u00bb][vc_empty_space height=\u00a0\u00bb40px\u00a0\u00bb][vc_column_text]<\/p>\n<p style=\"text-align: center;\">Coupe laser Prima Industrie Platino 4000 watt<br \/>\nCoupe laser Mitsubishi ML 3015<\/p>\n<p>[\/vc_column_text][vc_empty_space height=\u00a0\u00bb15px\u00a0\u00bb][vc_column_text]<\/p>\n<p style=\"text-align: center;\">Dimensions maximales\u00a0: 3000\u00d71500 mm<br \/>\nEpaisseurs maximales trait\u00e9es\u00a0:<br \/>\n25 mm pour t\u00f4les en acier<br \/>\n15 mm pour t\u00f4les en acier inox<br \/>\n10 mm pour t\u00f4les en aluminium<\/p>\n<p>[\/vc_column_text][\/vc_column][vc_column width=\u00a0\u00bb1\/2&Prime;][vc_empty_space height=\u00a0\u00bb90px\u00a0\u00bb][vc_gallery type=\u00a0\u00bbflexslider_slide\u00a0\u00bb interval=\u00a0\u00bb5&Prime; images=\u00a0\u00bb16202,16203,16243,16239&Prime; img_size=\u00a0\u00bb400&#215;400&Prime;][\/vc_column][\/vc_row][vc_row css_animation=\u00a0\u00bb\u00a0\u00bb row_type=\u00a0\u00bbrow\u00a0\u00bb use_row_as_full_screen_section=\u00a0\u00bbno\u00a0\u00bb type=\u00a0\u00bbfull_width\u00a0\u00bb angled_section=\u00a0\u00bbno\u00a0\u00bb text_align=\u00a0\u00bbleft\u00a0\u00bb background_image_as_pattern=\u00a0\u00bbwithout_pattern\u00a0\u00bb][vc_column width=\u00a0\u00bb1\/2&Prime;][vc_empty_space height=\u00a0\u00bb90px\u00a0\u00bb][vc_text_separator title=\u00a0\u00bbPoin\u00e7onnage\u00a0\u00bb border=\u00a0\u00bbno\u00a0\u00bb][vc_empty_space height=\u00a0\u00bb40px\u00a0\u00bb][vc_column_text]<\/p>\n<p style=\"text-align: center;\">Poin\u00e7onneuse laser combin\u00e9e Finn-Power CG1530<br \/>\nR\u00e9alise \u00e9galement emboutissage, nervures et filetage<br \/>\nDimensions maximales\u00a03000\u00d71500 mm<br \/>\nEpaisseur maximale trait\u00e9e 6 mm<\/p>\n<p>[\/vc_column_text][vc_empty_space height=\u00a0\u00bb15px\u00a0\u00bb][vc_column_text]<\/p>\n<p style=\"text-align: center;\">Le potentiel des machines de d\u00e9coupe est soulign\u00e9 par le fait<br \/>\nqu\u2019elles sont rattach\u00e9es aux deux entrep\u00f4ts automatis\u00e9s qui g\u00e8rent<br \/>\nles mati\u00e8res premi\u00e8res et les demi-produits, permettant au syst\u00e8me<br \/>\nde d\u00e9coupe robotis\u00e9 de travailler sans arr\u00eat.<\/p>\n<p>[\/vc_column_text][\/vc_column][vc_column width=\u00a0\u00bb1\/2&Prime;][vc_empty_space height=\u00a0\u00bb90px\u00a0\u00bb][vc_gallery type=\u00a0\u00bbflexslider_slide\u00a0\u00bb interval=\u00a0\u00bb5&Prime; images=\u00a0\u00bb15855,15885,15886&Prime; img_size=\u00a0\u00bb400&#215;400&Prime;][\/vc_column][\/vc_row][vc_row css_animation=\u00a0\u00bb\u00a0\u00bb row_type=\u00a0\u00bbrow\u00a0\u00bb use_row_as_full_screen_section=\u00a0\u00bbno\u00a0\u00bb type=\u00a0\u00bbfull_width\u00a0\u00bb angled_section=\u00a0\u00bbno\u00a0\u00bb text_align=\u00a0\u00bbleft\u00a0\u00bb background_image_as_pattern=\u00a0\u00bbwithout_pattern\u00a0\u00bb][vc_column width=\u00a0\u00bb1\/2&Prime;][vc_empty_space height=\u00a0\u00bb90px\u00a0\u00bb][vc_text_separator title=\u00a0\u00bbPliage\u00a0\u00bb border=\u00a0\u00bbno\u00a0\u00bb][vc_empty_space height=\u00a0\u00bb40px\u00a0\u00bb][vc_column_text]<\/p>\n<p style=\"text-align: center;\">N. 6 plieuses avec contr\u00f4le de l\u2019angle de pliage<b> <\/b>pour la<br \/>\nr\u00e9alisation de produits de haute pr\u00e9cision<\/p>\n<p>[\/vc_column_text][vc_empty_space height=\u00a0\u00bb15px\u00a0\u00bb][vc_column_text]<\/p>\n<p style=\"text-align: center;\">Longueur maximale pi\u00e8ce pli\u00e9e 3000 mm<\/p>\n<p>[\/vc_column_text][\/vc_column][vc_column width=\u00a0\u00bb1\/2&Prime;][vc_empty_space height=\u00a0\u00bb90px\u00a0\u00bb][vc_gallery type=\u00a0\u00bbflexslider_slide\u00a0\u00bb interval=\u00a0\u00bb5&Prime; images=\u00a0\u00bb15857,15887,15888&Prime; img_size=\u00a0\u00bb400&#215;400&Prime;][\/vc_column][\/vc_row][vc_row css_animation=\u00a0\u00bb\u00a0\u00bb row_type=\u00a0\u00bbrow\u00a0\u00bb use_row_as_full_screen_section=\u00a0\u00bbno\u00a0\u00bb type=\u00a0\u00bbfull_width\u00a0\u00bb angled_section=\u00a0\u00bbno\u00a0\u00bb text_align=\u00a0\u00bbleft\u00a0\u00bb background_image_as_pattern=\u00a0\u00bbwithout_pattern\u00a0\u00bb][vc_column width=\u00a0\u00bb1\/2&Prime;][vc_empty_space height=\u00a0\u00bb90px\u00a0\u00bb][vc_text_separator title=\u00a0\u00bbSoudage\u00a0\u00bb border=\u00a0\u00bbno\u00a0\u00bb][vc_empty_space height=\u00a0\u00bb40px\u00a0\u00bb][vc_column_text]<\/p>\n<p style=\"text-align: center;\">13 postes de soudage<br \/>\nMig (\u00e0 fil)<br \/>\nMag<br \/>\nTig (acier inoxydable)<br \/>\n\u00c9lectropointage<br \/>\nSoudures \u00e9tanches \u00e0 l\u2019huile et \u00e0 l\u2019eau et, sur demande, essais correspondants<\/p>\n<p>[\/vc_column_text][vc_empty_space height=\u00a0\u00bb15px\u00a0\u00bb][vc_column_text]<\/p>\n<p style=\"text-align: center;\">3 postes de soudage robotis\u00e9s avec double table tournante d\u2019une longueur de 1400 x 2500 mm<\/p>\n<p>[\/vc_column_text][vc_empty_space height=\u00a0\u00bb15px\u00a0\u00bb][vc_column_text]<\/p>\n<p style=\"text-align: center;\">Nous fabriquons des gabarits de soudage pour standardiser la qualit\u00e9 des produits.<\/p>\n<p>[\/vc_column_text][\/vc_column][vc_column width=\u00a0\u00bb1\/2&Prime;][vc_empty_space height=\u00a0\u00bb90px\u00a0\u00bb][vc_gallery type=\u00a0\u00bbflexslider_slide\u00a0\u00bb interval=\u00a0\u00bb5&Prime; images=\u00a0\u00bb16206,16207,16208,16209&Prime; img_size=\u00a0\u00bb400&#215;400&Prime;][\/vc_column][\/vc_row][vc_row css_animation=\u00a0\u00bb\u00a0\u00bb row_type=\u00a0\u00bbrow\u00a0\u00bb use_row_as_full_screen_section=\u00a0\u00bbno\u00a0\u00bb type=\u00a0\u00bbfull_width\u00a0\u00bb angled_section=\u00a0\u00bbno\u00a0\u00bb text_align=\u00a0\u00bbleft\u00a0\u00bb background_image_as_pattern=\u00a0\u00bbwithout_pattern\u00a0\u00bb][vc_column width=\u00a0\u00bb1\/2&Prime;][vc_empty_space height=\u00a0\u00bb90px\u00a0\u00bb][vc_text_separator title=\u00a0\u00bbCentres d\u2019usinage\u00a0\u00bb border=\u00a0\u00bbno\u00a0\u00bb][vc_empty_space height=\u00a0\u00bb40px\u00a0\u00bb][vc_column_text]<\/p>\n<p style=\"text-align: center;\">Nous effectuons des traitements m\u00e9caniques dans<br \/>\ndeux centres d\u2019usinage CNC \u00e0 4 axes<br \/>\n(un de 1670 x 830 mm et un de 800 x 500 mm)<\/p>\n<p>[\/vc_column_text][\/vc_column][vc_column width=\u00a0\u00bb1\/2&Prime;][vc_empty_space height=\u00a0\u00bb90px\u00a0\u00bb][vc_gallery type=\u00a0\u00bbflexslider_slide\u00a0\u00bb interval=\u00a0\u00bb5&Prime; images=\u00a0\u00bb16210,16211&Prime; img_size=\u00a0\u00bb400&#215;400&Prime;][\/vc_column][\/vc_row][vc_row css_animation=\u00a0\u00bb\u00a0\u00bb row_type=\u00a0\u00bbrow\u00a0\u00bb use_row_as_full_screen_section=\u00a0\u00bbno\u00a0\u00bb type=\u00a0\u00bbfull_width\u00a0\u00bb angled_section=\u00a0\u00bbno\u00a0\u00bb text_align=\u00a0\u00bbleft\u00a0\u00bb background_image_as_pattern=\u00a0\u00bbwithout_pattern\u00a0\u00bb][vc_column width=\u00a0\u00bb1\/2&Prime;][vc_empty_space][vc_text_separator title=\u00a0\u00bbTraitements superficiels\u00a0\u00bb border=\u00a0\u00bbno\u00a0\u00bb][vc_empty_space height=\u00a0\u00bb40px\u00a0\u00bb][vc_column_text]<\/p>\n<p style=\"text-align: center;\">Peinture, Galvanisation, Chromage, Brunissage,<br \/>\nPhosphatation, Polissage, Anodisation<\/p>\n<p>[\/vc_column_text][vc_empty_space height=\u00a0\u00bb15px\u00a0\u00bb][vc_column_text]<\/p>\n<p style=\"text-align: center;\">Ils sont tous r\u00e9alis\u00e9s par un r\u00e9seau de fournisseurs valables,<br \/>\nqualifi\u00e9s et constamment monitor\u00e9s pendant leur travail<span class=\"Apple-converted-space\">\u00a0 <\/span><\/p>\n<p>[\/vc_column_text][\/vc_column][vc_column width=\u00a0\u00bb1\/2&Prime;][vc_empty_space height=\u00a0\u00bb90px\u00a0\u00bb][vc_gallery type=\u00a0\u00bbflexslider_slide\u00a0\u00bb interval=\u00a0\u00bb5&Prime; images=\u00a0\u00bb15859,15893,15894&Prime; img_size=\u00a0\u00bb400&#215;400&Prime;][\/vc_column][\/vc_row][vc_row css_animation=\u00a0\u00bb\u00a0\u00bb row_type=\u00a0\u00bbrow\u00a0\u00bb use_row_as_full_screen_section=\u00a0\u00bbno\u00a0\u00bb type=\u00a0\u00bbfull_width\u00a0\u00bb angled_section=\u00a0\u00bbno\u00a0\u00bb text_align=\u00a0\u00bbleft\u00a0\u00bb background_image_as_pattern=\u00a0\u00bbwithout_pattern\u00a0\u00bb][vc_column width=\u00a0\u00bb1\/2&Prime;][vc_empty_space height=\u00a0\u00bb90px\u00a0\u00bb][vc_text_separator title=\u00a0\u00bbASSEMBLAGE\u00a0\u00bb border=\u00a0\u00bbno\u00a0\u00bb][vc_empty_space height=\u00a0\u00bb40px\u00a0\u00bb][vc_column_text]<\/p>\n<p style=\"text-align: center;\">Nous fournissons un service complet car nous disposons<br \/>\nd\u2019une unit\u00e9 sp\u00e9cialis\u00e9e pour l\u2019application de\u00a0:<br \/>\n\u00e9ponges phono-absorbantes, adh\u00e9sifs, verrous, charni\u00e8res,<br \/>\nc\u00e2blages pour tableaux \u00e9lectriques, etc.<\/p>\n<p>[\/vc_column_text][\/vc_column][vc_column width=\u00a0\u00bb1\/2&Prime;][vc_empty_space height=\u00a0\u00bb90px\u00a0\u00bb][vc_gallery type=\u00a0\u00bbflexslider_slide\u00a0\u00bb interval=\u00a0\u00bb5&Prime; images=\u00a0\u00bb15858,15895,15896,16212,16213&Prime; img_size=\u00a0\u00bb400&#215;400&Prime;][\/vc_column][\/vc_row][vc_row css_animation=\u00a0\u00bb\u00a0\u00bb row_type=\u00a0\u00bbrow\u00a0\u00bb use_row_as_full_screen_section=\u00a0\u00bbno\u00a0\u00bb type=\u00a0\u00bbfull_width\u00a0\u00bb angled_section=\u00a0\u00bbno\u00a0\u00bb text_align=\u00a0\u00bbleft\u00a0\u00bb background_image_as_pattern=\u00a0\u00bbwithout_pattern\u00a0\u00bb][vc_column][vc_empty_space][\/vc_column][\/vc_row]<\/p>\n","protected":false},"excerpt":{"rendered":"<p>[vc_row css_animation=\u00a0\u00bb\u00a0\u00bb row_type=\u00a0\u00bbrow\u00a0\u00bb use_row_as_full_screen_section=\u00a0\u00bbno\u00a0\u00bb type=\u00a0\u00bbfull_width\u00a0\u00bb angled_section=\u00a0\u00bbno\u00a0\u00bb text_align=\u00a0\u00bbleft\u00a0\u00bb background_image_as_pattern=\u00a0\u00bbwithout_pattern\u00a0\u00bb][vc_column][vc_separator type=\u00a0\u00bbnormal\u00a0\u00bb][\/vc_column][\/vc_row][vc_row css_animation=\u00a0\u00bb\u00a0\u00bb row_type=\u00a0\u00bbrow\u00a0\u00bb use_row_as_full_screen_section=\u00a0\u00bbno\u00a0\u00bb type=\u00a0\u00bbfull_width\u00a0\u00bb angled_section=\u00a0\u00bbno\u00a0\u00bb text_align=\u00a0\u00bbleft\u00a0\u00bb background_image_as_pattern=\u00a0\u00bbwithout_pattern\u00a0\u00bb][vc_column width=\u00a0\u00bb1\/2&Prime;][vc_empty_space height=\u00a0\u00bb90px\u00a0\u00bb][vc_text_separator title=\u00a0\u00bbCoupe laser\u00a0\u00bb border=\u00a0\u00bbno\u00a0\u00bb][vc_empty_space height=\u00a0\u00bb40px\u00a0\u00bb][vc_column_text] Coupe laser Prima Industrie Platino 4000 watt Coupe laser Mitsubishi ML 3015 [\/vc_column_text][vc_empty_space height=\u00a0\u00bb15px\u00a0\u00bb][vc_column_text] Dimensions maximales\u00a0: 3000\u00d71500 mm Epaisseurs maximales trait\u00e9es\u00a0: 25 mm&#8230;<\/p>\n","protected":false},"author":1,"featured_media":0,"parent":0,"menu_order":0,"comment_status":"closed","ping_status":"closed","template":"","meta":[],"_links":{"self":[{"href":"https:\/\/www.arlam.com\/fr\/wp-json\/wp\/v2\/pages\/15994"}],"collection":[{"href":"https:\/\/www.arlam.com\/fr\/wp-json\/wp\/v2\/pages"}],"about":[{"href":"https:\/\/www.arlam.com\/fr\/wp-json\/wp\/v2\/types\/page"}],"author":[{"embeddable":true,"href":"https:\/\/www.arlam.com\/fr\/wp-json\/wp\/v2\/users\/1"}],"replies":[{"embeddable":true,"href":"https:\/\/www.arlam.com\/fr\/wp-json\/wp\/v2\/comments?post=15994"}],"version-history":[{"count":10,"href":"https:\/\/www.arlam.com\/fr\/wp-json\/wp\/v2\/pages\/15994\/revisions"}],"predecessor-version":[{"id":17761,"href":"https:\/\/www.arlam.com\/fr\/wp-json\/wp\/v2\/pages\/15994\/revisions\/17761"}],"wp:attachment":[{"href":"https:\/\/www.arlam.com\/fr\/wp-json\/wp\/v2\/media?parent=15994"}],"curies":[{"name":"wp","href":"https:\/\/api.w.org\/{rel}","templated":true}]}}