{"id":15989,"date":"2015-12-28T11:22:25","date_gmt":"2015-12-28T10:22:25","guid":{"rendered":"http:\/\/www.arlam.com\/fr\/progettazione\/"},"modified":"2021-03-14T17:41:56","modified_gmt":"2021-03-14T16:41:56","slug":"progettazione","status":"publish","type":"page","link":"https:\/\/www.arlam.com\/fr\/progettazione\/","title":{"rendered":"Conception"},"content":{"rendered":"<p>[vc_row row_type=\u00a0\u00bbrow\u00a0\u00bb use_row_as_full_screen_section=\u00a0\u00bbno\u00a0\u00bb type=\u00a0\u00bbfull_width\u00a0\u00bb angled_section=\u00a0\u00bbno\u00a0\u00bb text_align=\u00a0\u00bbleft\u00a0\u00bb background_image_as_pattern=\u00a0\u00bbwithout_pattern\u00a0\u00bb css_animation=\u00a0\u00bb\u00a0\u00bb][vc_column]<div class='q_icon_with_title very_large circle center '><div class=\"icon_holder q_icon_animation\" style=\" transition-delay: 200ms; -webkit-transition-delay: 200ms; -moz-transition-delay: 200ms; -o-transition-delay: 200ms;\"><span data-icon-type=\"circle\" data-icon-hover-color=\"#fc0d1b\" data-icon-hover-bg-color=\"#f9fafa\" class=\"qode_iwt_icon_holder fa-stack fa-5x  \" style=\"font-size: 48px;background-color: #f9fafa;\"><i class=\"qode_icon_font_awesome fa fa-wrench qode_iwt_icon_element\" style=\"font-size: 40px;color: #333745;\" ><\/i><\/span><\/div><div class=\"icon_text_holder\" style=\"\"><div class=\"icon_text_inner\" style=\"\"><h5 class=\"icon_title\" style=\"\">Notre savoir-faire \u00e0 votre service<\/h5><p style=''><\/p><\/div><\/div><\/div>[vc_separator type=\u00a0\u00bbnormal\u00a0\u00bb up=\u00a0\u00bb20px\u00a0\u00bb down=\u00a0\u00bb20px\u00a0\u00bb][\/vc_column][\/vc_row][vc_row row_type=\u00a0\u00bbrow\u00a0\u00bb use_row_as_full_screen_section=\u00a0\u00bbno\u00a0\u00bb type=\u00a0\u00bbfull_width\u00a0\u00bb angled_section=\u00a0\u00bbno\u00a0\u00bb text_align=\u00a0\u00bbleft\u00a0\u00bb background_image_as_pattern=\u00a0\u00bbwithout_pattern\u00a0\u00bb css_animation=\u00a0\u00bb\u00a0\u00bb][vc_column width=\u00a0\u00bb1\/2&Prime;][vc_empty_space height=\u00a0\u00bb90px\u00a0\u00bb][vc_column_text]<\/p>\n<p style=\"text-align: center;\"><b>ARLAM <\/b>se caract\u00e9rise par une<b> flexibilit\u00e9 <\/b>et une<b> versatilit\u00e9<br \/>\n<\/b>en parfaite harmonie avec les exigences du march\u00e9 et des clients,<br \/>\nce qui lui permet d\u2019<b>accueillir les requ\u00eates les plus vari\u00e9es <\/b>et<br \/>\nde les satisfaire par la mise en \u0153uvre de proc\u00e9dures cibl\u00e9es.<\/p>\n<p>[\/vc_column_text][vc_empty_space height=\u00a0\u00bb20px\u00a0\u00bb][vc_column_text]<\/p>\n<p style=\"text-align: center;\">Le principal atout de ce processus de r\u00e9alisation est repr\u00e9sent\u00e9 par le service<br \/>\ntechnique interne de <b>planification<\/b> et de <b>d\u00e9veloppement<\/b> de l\u2019\u00e9chantillonnage<br \/>\net de la production en s\u00e9rie, qui travaille dans un milieu <b>SolidWorks<\/b> pour une<br \/>\nr\u00e9alisation optimale de vos demandes.<\/p>\n<p style=\"text-align: center;\">Nos techniciens mettent leur<b> savoir-faire \u00e0 votre disposition<\/b> aussi bien<br \/>\ndans la phase initiale du <b>d\u00e9veloppement<\/b> que dans la phase suivante du<br \/>\n<b>service apr\u00e8s-vente<\/b>, afin de <b>r\u00e9soudre rapidement<\/b> toute sorte de probl\u00e8me.<span class=\"Apple-converted-space\">\u00a0<\/span><\/p>\n<p>[\/vc_column_text][\/vc_column][vc_column width=\u00a0\u00bb1\/2&Prime;][vc_empty_space height=\u00a0\u00bb90px\u00a0\u00bb][vc_gallery type=\u00a0\u00bbflexslider_slide\u00a0\u00bb interval=\u00a0\u00bb5&Prime; images=\u00a0\u00bb15875,15773,15774,15775,16220&Prime; img_size=\u00a0\u00bb400&#215;400&Prime;][\/vc_column][\/vc_row][vc_row row_type=\u00a0\u00bbrow\u00a0\u00bb use_row_as_full_screen_section=\u00a0\u00bbno\u00a0\u00bb type=\u00a0\u00bbfull_width\u00a0\u00bb angled_section=\u00a0\u00bbno\u00a0\u00bb text_align=\u00a0\u00bbleft\u00a0\u00bb background_image_as_pattern=\u00a0\u00bbwithout_pattern\u00a0\u00bb css_animation=\u00a0\u00bb\u00a0\u00bb][vc_column][vc_empty_space height=\u00a0\u00bb30px\u00a0\u00bb][\/vc_column][\/vc_row]<\/p>\n","protected":false},"excerpt":{"rendered":"<p>[vc_row row_type=\u00a0\u00bbrow\u00a0\u00bb use_row_as_full_screen_section=\u00a0\u00bbno\u00a0\u00bb type=\u00a0\u00bbfull_width\u00a0\u00bb angled_section=\u00a0\u00bbno\u00a0\u00bb text_align=\u00a0\u00bbleft\u00a0\u00bb background_image_as_pattern=\u00a0\u00bbwithout_pattern\u00a0\u00bb css_animation=\u00a0\u00bb\u00a0\u00bb][vc_column][vc_separator type=\u00a0\u00bbnormal\u00a0\u00bb up=\u00a0\u00bb20px\u00a0\u00bb down=\u00a0\u00bb20px\u00a0\u00bb][\/vc_column][\/vc_row][vc_row row_type=\u00a0\u00bbrow\u00a0\u00bb use_row_as_full_screen_section=\u00a0\u00bbno\u00a0\u00bb type=\u00a0\u00bbfull_width\u00a0\u00bb angled_section=\u00a0\u00bbno\u00a0\u00bb text_align=\u00a0\u00bbleft\u00a0\u00bb background_image_as_pattern=\u00a0\u00bbwithout_pattern\u00a0\u00bb css_animation=\u00a0\u00bb\u00a0\u00bb][vc_column width=\u00a0\u00bb1\/2&Prime;][vc_empty_space height=\u00a0\u00bb90px\u00a0\u00bb][vc_column_text] ARLAM se caract\u00e9rise par une flexibilit\u00e9 et une versatilit\u00e9 en parfaite harmonie avec les exigences du march\u00e9 et des clients, ce qui lui permet d\u2019accueillir&#8230;<\/p>\n","protected":false},"author":1,"featured_media":0,"parent":0,"menu_order":0,"comment_status":"closed","ping_status":"closed","template":"","meta":[],"_links":{"self":[{"href":"https:\/\/www.arlam.com\/fr\/wp-json\/wp\/v2\/pages\/15989"}],"collection":[{"href":"https:\/\/www.arlam.com\/fr\/wp-json\/wp\/v2\/pages"}],"about":[{"href":"https:\/\/www.arlam.com\/fr\/wp-json\/wp\/v2\/types\/page"}],"author":[{"embeddable":true,"href":"https:\/\/www.arlam.com\/fr\/wp-json\/wp\/v2\/users\/1"}],"replies":[{"embeddable":true,"href":"https:\/\/www.arlam.com\/fr\/wp-json\/wp\/v2\/comments?post=15989"}],"version-history":[{"count":8,"href":"https:\/\/www.arlam.com\/fr\/wp-json\/wp\/v2\/pages\/15989\/revisions"}],"predecessor-version":[{"id":16272,"href":"https:\/\/www.arlam.com\/fr\/wp-json\/wp\/v2\/pages\/15989\/revisions\/16272"}],"wp:attachment":[{"href":"https:\/\/www.arlam.com\/fr\/wp-json\/wp\/v2\/media?parent=15989"}],"curies":[{"name":"wp","href":"https:\/\/api.w.org\/{rel}","templated":true}]}}