{"id":15980,"date":"2015-12-28T11:22:39","date_gmt":"2015-12-28T10:22:39","guid":{"rendered":"http:\/\/www.arlam.com\/fr\/tecnologia\/"},"modified":"2024-02-17T18:13:32","modified_gmt":"2024-02-17T17:13:32","slug":"tecnologia","status":"publish","type":"page","link":"https:\/\/www.arlam.com\/fr\/tecnologia\/","title":{"rendered":"Technologie"},"content":{"rendered":"<p>[vc_row css_animation=\u00a0\u00bb\u00a0\u00bb row_type=\u00a0\u00bbrow\u00a0\u00bb use_row_as_full_screen_section=\u00a0\u00bbno\u00a0\u00bb type=\u00a0\u00bbfull_width\u00a0\u00bb angled_section=\u00a0\u00bbno\u00a0\u00bb text_align=\u00a0\u00bbleft\u00a0\u00bb background_image_as_pattern=\u00a0\u00bbwithout_pattern\u00a0\u00bb][vc_column]<div class='q_icon_with_title very_large circle center '><div class=\"icon_holder q_icon_animation\" style=\" transition-delay: 200ms; -webkit-transition-delay: 200ms; -moz-transition-delay: 200ms; -o-transition-delay: 200ms;\"><span data-icon-type=\"circle\" data-icon-hover-color=\"#fc0d1b\" data-icon-hover-bg-color=\"#f9fafa\" class=\"qode_iwt_icon_holder fa-stack fa-5x  \" style=\"font-size: 48px;background-color: #f9fafa;\"><i class=\"qode_icon_font_awesome fa fa-cog qode_iwt_icon_element\" style=\"font-size: 40px;color: #333745;\" ><\/i><\/span><\/div><div class=\"icon_text_holder\" style=\"\"><div class=\"icon_text_inner\" style=\"\"><h5 class=\"icon_title\" style=\"\">Notre principal atout : des moyens et des technologies de pointe<\/h5><p style=''><\/p><\/div><\/div><\/div>[vc_separator type=\u00a0\u00bbnormal\u00a0\u00bb up=\u00a0\u00bb20&Prime; down=\u00a0\u00bb20&Prime;][\/vc_column][\/vc_row][vc_row css_animation=\u00a0\u00bb\u00a0\u00bb row_type=\u00a0\u00bbrow\u00a0\u00bb use_row_as_full_screen_section=\u00a0\u00bbno\u00a0\u00bb type=\u00a0\u00bbfull_width\u00a0\u00bb angled_section=\u00a0\u00bbno\u00a0\u00bb text_align=\u00a0\u00bbleft\u00a0\u00bb background_image_as_pattern=\u00a0\u00bbwithout_pattern\u00a0\u00bb][vc_column width=\u00a0\u00bb1\/2&Prime;][vc_empty_space height=\u00a0\u00bb90px\u00a0\u00bb][vc_column_text]<\/p>\n<p style=\"text-align: center;\">L\u2019engagement, la passion et l\u2019int\u00e9r\u00eat pour les\u00a0<b>nouvelles solutions<br \/>\ntechnologiques <\/b>et l\u2019am\u00e9lioration des ressources productives repr\u00e9sentent<br \/>\nsans aucun doute l\u2019un des piliers de l\u2019esprit d\u2019entreprise qui caract\u00e9rise<br \/>\n<b>ARLAM<\/b>\u00a0en lui permettant d\u2019offrir une production de haut niveau,<br \/>\ngr\u00e2ce \u00e0 l\u2019utilisation des\u00a0<b>technologies les plus avanc\u00e9es<\/b>.<\/p>\n<p>[\/vc_column_text][vc_empty_space height=\u00a0\u00bb20px\u00a0\u00bb][vc_column_text]<\/p>\n<p style=\"text-align: center;\"><b>Trois machines de coupe de derni\u00e8re g\u00e9n\u00e9ration<br \/>\n<\/b>rattach\u00e9es \u00e0 des\u00a0<b>entrep\u00f4ts automatis\u00e9s<\/b>\u00a0de mati\u00e8res<br \/>\npremi\u00e8res et de demi-produits travaillent en permanence,<br \/>\net des <b>plieuses<\/b>\u00a0<b>avec contr\u00f4le de l\u2019angle de pliage<br \/>\n<\/b>r\u00e9alisent des produits de la plus haute pr\u00e9cision.<\/p>\n<p style=\"text-align: center;\">Trois\u00a0<b>\u00eelots de soudage robotis\u00e9s, <\/b>trois <b>centres<br \/>\nd\u2019usinage<\/b>\u00a0pour le traitement m\u00e9canique, un bras<br \/>\ntridimensionnel pour le contr\u00f4le de la qualit\u00e9.<\/p>\n<p>[\/vc_column_text][\/vc_column][vc_column width=\u00a0\u00bb1\/2&Prime;][vc_gallery type=\u00a0\u00bbflexslider_slide\u00a0\u00bb interval=\u00a0\u00bb5&Prime; images=\u00a0\u00bb16215,15754,15755,15756,15757,16225&Prime; img_size=\u00a0\u00bb400&#215;400&Prime;][\/vc_column][\/vc_row][vc_row css_animation=\u00a0\u00bb\u00a0\u00bb row_type=\u00a0\u00bbrow\u00a0\u00bb use_row_as_full_screen_section=\u00a0\u00bbno\u00a0\u00bb type=\u00a0\u00bbfull_width\u00a0\u00bb angled_section=\u00a0\u00bbno\u00a0\u00bb text_align=\u00a0\u00bbleft\u00a0\u00bb background_image_as_pattern=\u00a0\u00bbwithout_pattern\u00a0\u00bb][vc_column][vc_empty_space height=\u00a0\u00bb30px\u00a0\u00bb][\/vc_column][\/vc_row]<\/p>\n","protected":false},"excerpt":{"rendered":"<p>[vc_row css_animation=\u00a0\u00bb\u00a0\u00bb row_type=\u00a0\u00bbrow\u00a0\u00bb use_row_as_full_screen_section=\u00a0\u00bbno\u00a0\u00bb type=\u00a0\u00bbfull_width\u00a0\u00bb angled_section=\u00a0\u00bbno\u00a0\u00bb text_align=\u00a0\u00bbleft\u00a0\u00bb background_image_as_pattern=\u00a0\u00bbwithout_pattern\u00a0\u00bb][vc_column][vc_separator type=\u00a0\u00bbnormal\u00a0\u00bb up=\u00a0\u00bb20&Prime; down=\u00a0\u00bb20&Prime;][\/vc_column][\/vc_row][vc_row css_animation=\u00a0\u00bb\u00a0\u00bb row_type=\u00a0\u00bbrow\u00a0\u00bb use_row_as_full_screen_section=\u00a0\u00bbno\u00a0\u00bb type=\u00a0\u00bbfull_width\u00a0\u00bb angled_section=\u00a0\u00bbno\u00a0\u00bb text_align=\u00a0\u00bbleft\u00a0\u00bb background_image_as_pattern=\u00a0\u00bbwithout_pattern\u00a0\u00bb][vc_column width=\u00a0\u00bb1\/2&Prime;][vc_empty_space height=\u00a0\u00bb90px\u00a0\u00bb][vc_column_text] L\u2019engagement, la passion et l\u2019int\u00e9r\u00eat pour les\u00a0nouvelles solutions technologiques et l\u2019am\u00e9lioration des ressources productives repr\u00e9sentent sans aucun doute l\u2019un des piliers de l\u2019esprit d\u2019entreprise qui&#8230;<\/p>\n","protected":false},"author":1,"featured_media":0,"parent":0,"menu_order":0,"comment_status":"closed","ping_status":"closed","template":"","meta":[],"_links":{"self":[{"href":"https:\/\/www.arlam.com\/fr\/wp-json\/wp\/v2\/pages\/15980"}],"collection":[{"href":"https:\/\/www.arlam.com\/fr\/wp-json\/wp\/v2\/pages"}],"about":[{"href":"https:\/\/www.arlam.com\/fr\/wp-json\/wp\/v2\/types\/page"}],"author":[{"embeddable":true,"href":"https:\/\/www.arlam.com\/fr\/wp-json\/wp\/v2\/users\/1"}],"replies":[{"embeddable":true,"href":"https:\/\/www.arlam.com\/fr\/wp-json\/wp\/v2\/comments?post=15980"}],"version-history":[{"count":13,"href":"https:\/\/www.arlam.com\/fr\/wp-json\/wp\/v2\/pages\/15980\/revisions"}],"predecessor-version":[{"id":17767,"href":"https:\/\/www.arlam.com\/fr\/wp-json\/wp\/v2\/pages\/15980\/revisions\/17767"}],"wp:attachment":[{"href":"https:\/\/www.arlam.com\/fr\/wp-json\/wp\/v2\/media?parent=15980"}],"curies":[{"name":"wp","href":"https:\/\/api.w.org\/{rel}","templated":true}]}}