{"id":15965,"date":"2015-12-28T11:23:15","date_gmt":"2015-12-28T10:23:15","guid":{"rendered":"http:\/\/www.arlam.com\/fr\/qualita\/"},"modified":"2026-01-29T15:44:00","modified_gmt":"2026-01-29T14:44:00","slug":"qualita","status":"publish","type":"page","link":"https:\/\/www.arlam.com\/fr\/qualita\/","title":{"rendered":"Qualit\u00e9"},"content":{"rendered":"<p>[vc_row css_animation=\u00a0\u00bb\u00a0\u00bb row_type=\u00a0\u00bbrow\u00a0\u00bb use_row_as_full_screen_section=\u00a0\u00bbno\u00a0\u00bb type=\u00a0\u00bbfull_width\u00a0\u00bb angled_section=\u00a0\u00bbno\u00a0\u00bb text_align=\u00a0\u00bbleft\u00a0\u00bb background_image_as_pattern=\u00a0\u00bbwithout_pattern\u00a0\u00bb][vc_column]<div class='q_icon_with_title very_large circle center '><div class=\"icon_holder q_icon_animation\" style=\"margin: 0px 0px 32px 0px; transition-delay: 200ms; -webkit-transition-delay: 200ms; -moz-transition-delay: 200ms; -o-transition-delay: 200ms;\"><span data-icon-type=\"circle\" data-icon-hover-color=\"#fc0d1b\" data-icon-hover-bg-color=\"#f9fafa\" class=\"qode_iwt_icon_holder fa-stack fa-5x  \" style=\"font-size: 48px;background-color: #f9fafa;\"><i class=\"qode_icon_font_awesome fa fa-thumbs-o-up qode_iwt_icon_element\" style=\"font-size: 40px;color: #333745;\" ><\/i><\/span><\/div><div class=\"icon_text_holder\" style=\"\"><div class=\"icon_text_inner\" style=\"\"><h4 class=\"icon_title\" style=\"\">La passion pour la qualit\u00e9 absolue<\/h4><p style=''><\/p><\/div><\/div><\/div>[vc_separator type=\u00a0\u00bbnormal\u00a0\u00bb up=\u00a0\u00bb20&Prime; down=\u00a0\u00bb20&Prime;][\/vc_column][\/vc_row][vc_row css_animation=\u00a0\u00bb\u00a0\u00bb row_type=\u00a0\u00bbrow\u00a0\u00bb use_row_as_full_screen_section=\u00a0\u00bbno\u00a0\u00bb type=\u00a0\u00bbfull_width\u00a0\u00bb angled_section=\u00a0\u00bbno\u00a0\u00bb text_align=\u00a0\u00bbleft\u00a0\u00bb background_image_as_pattern=\u00a0\u00bbwithout_pattern\u00a0\u00bb][vc_column width=\u00a0\u00bb1\/2&Prime;][vc_empty_space height=\u00a0\u00bb45px\u00a0\u00bb][vc_column_text]<\/p>\n<p style=\"text-align: center;\">Pour <b>ARLAM<\/b> la qualit\u00e9 est le point de d\u00e9part.<span class=\"Apple-converted-space\"><br \/>\n<\/span>Le point d\u2019arriv\u00e9e est la confiance que ses clients<br \/>\nlui renouvellent, un patrimoine pr\u00e9cieux qui est<br \/>\n\u00e0 la base de son succ\u00e8s.<\/p>\n<p>[\/vc_column_text][vc_empty_space height=\u00a0\u00bb20px\u00a0\u00bb][vc_column_text]<\/p>\n<p style=\"text-align: center;\">ARLAM fonde sa philosophie sur la <b>recherche d\u2019une<br \/>\nqualit\u00e9 absolue<\/b> sans compromis et finalis\u00e9e \u00e0 une<br \/>\nam\u00e9lioration constante.<\/p>\n<p>[\/vc_column_text][vc_empty_space height=\u00a0\u00bb30px\u00a0\u00bb][vc_single_image image=\u00a0\u00bb17745&Prime; img_size=\u00a0\u00bb400&#215;150&Prime; alignment=\u00a0\u00bbcenter\u00a0\u00bb qode_css_animation=\u00a0\u00bb\u00a0\u00bb][vc_empty_space height=\u00a0\u00bb45px\u00a0\u00bb][vc_column_text]<\/p>\n<p style=\"text-align: center;\">L\u2019entreprise d\u00e9ploie ses principaux atouts\u00a0:<\/p>\n<p>[\/vc_column_text][vc_empty_space height=\u00a0\u00bb20px\u00a0\u00bb][vc_column_text]<\/p>\n<p style=\"text-align: center;\">Le recours constant aux technologies<\/p>\n<p>[\/vc_column_text][vc_empty_space height=\u00a0\u00bb20px\u00a0\u00bb][vc_column_text]<\/p>\n<p style=\"text-align: center;\">La rationalisation totale de l\u2019entrep\u00f4t et du<br \/>\nprocessus de production, qui d\u00e9rive de la<br \/>\n\u00ab\u00a0pens\u00e9e rationnelle\u00a0\u00bb (<i>lean thinking<\/i>) et du KANBAN,<br \/>\nune philosophie adopt\u00e9e depuis longtemps d\u00e9j\u00e0<br \/>\npar toutes les entreprises et tous les groupements<br \/>\nde succ\u00e8s du panorama de la production mondiale.<\/p>\n<p>[\/vc_column_text][vc_empty_space height=\u00a0\u00bb20px\u00a0\u00bb][vc_column_text]<\/p>\n<p style=\"text-align: center;\">Une \u00e9quipe de travailleurs qualifi\u00e9s et efficaces,<br \/>\nconstamment guid\u00e9s et sensibilis\u00e9s au moyen<br \/>\nd\u2019un Syst\u00e8me de Management Int\u00e9gr\u00e9 du Syst\u00e8me<br \/>\nde Qualit\u00e9, du Processus de Soudage et du<br \/>\ncontr\u00f4le de la Production en Usine de composants<br \/>\nstructurels, certifi\u00e9 selon les normes UNI EN ISO 9001,<br \/>\net EN 1090-1, et d\u2019un syst\u00e8me de pr\u00e9vention<br \/>\npour la s\u00e9curit\u00e9 au travail con\u00e7u selon les directives<br \/>\nUNI-INAIL-ISPESL.<\/p>\n<p>[\/vc_column_text][vc_empty_space height=\u00a0\u00bb20px\u00a0\u00bb][vc_row_inner row_type=\u00a0\u00bbrow\u00a0\u00bb type=\u00a0\u00bbfull_width\u00a0\u00bb text_align=\u00a0\u00bbleft\u00a0\u00bb css_animation=\u00a0\u00bb\u00a0\u00bb][vc_column_inner width=\u00a0\u00bb1\/2&Prime;][vc_column_text]<\/p>\n<p style=\"text-align: center;\"><b>T\u00e9l\u00e9chargez notre Certification de qualit\u00e9<\/b><\/p>\n<p style=\"text-align: center;\"><a href=\"https:\/\/www.arlam.com\/wp-content\/uploads\/2026\/01\/ARLAM-SRL-ISO-9001_CertificatePrint-1.pdf\" target=\"_blank\" rel=\"attachment wp-att-15750 noopener\"><img loading=\"lazy\" class=\"aligncenter wp-image-15750\" src=\"http:\/\/www.arlam.com\/wp-content\/uploads\/2015\/12\/icon_pdf-242x300.png\" alt=\"icon_pdf\" width=\"40\" height=\"50\" srcset=\"https:\/\/www.arlam.com\/wp-content\/uploads\/2015\/12\/icon_pdf-242x300.png 242w, https:\/\/www.arlam.com\/wp-content\/uploads\/2015\/12\/icon_pdf-768x953.png 768w, https:\/\/www.arlam.com\/wp-content\/uploads\/2015\/12\/icon_pdf-825x1024.png 825w, https:\/\/www.arlam.com\/wp-content\/uploads\/2015\/12\/icon_pdf-700x868.png 700w, https:\/\/www.arlam.com\/wp-content\/uploads\/2015\/12\/icon_pdf.png 1280w\" sizes=\"(max-width: 40px) 100vw, 40px\" \/><\/a><\/p>\n<p>[\/vc_column_text][vc_empty_space height=\u00a0\u00bb8px\u00a0\u00bb][vc_separator type=\u00a0\u00bbnormal\u00a0\u00bb][\/vc_column_inner][vc_column_inner width=\u00a0\u00bb1\/2&Prime;][vc_column_text]<\/p>\n<p style=\"text-align: center;\"><b>T\u00e9l\u00e9chargez notre Politique d&rsquo;Enterprise<\/b><\/p>\n<p><a href=\"https:\/\/www.arlam.com\/wp-content\/uploads\/2025\/04\/POLITICA-2025.pdf\" target=\"_blank\" rel=\"attachment wp-att-15750 noopener\"><img loading=\"lazy\" class=\"aligncenter wp-image-15750\" src=\"http:\/\/www.arlam.com\/wp-content\/uploads\/2015\/12\/icon_pdf-242x300.png\" alt=\"icon_pdf\" width=\"40\" height=\"50\" srcset=\"https:\/\/www.arlam.com\/wp-content\/uploads\/2015\/12\/icon_pdf-242x300.png 242w, https:\/\/www.arlam.com\/wp-content\/uploads\/2015\/12\/icon_pdf-768x953.png 768w, https:\/\/www.arlam.com\/wp-content\/uploads\/2015\/12\/icon_pdf-825x1024.png 825w, https:\/\/www.arlam.com\/wp-content\/uploads\/2015\/12\/icon_pdf-700x868.png 700w, https:\/\/www.arlam.com\/wp-content\/uploads\/2015\/12\/icon_pdf.png 1280w\" sizes=\"(max-width: 40px) 100vw, 40px\" \/><\/a>[\/vc_column_text][vc_empty_space height=\u00a0\u00bb8px\u00a0\u00bb][vc_separator type=\u00a0\u00bbnormal\u00a0\u00bb][\/vc_column_inner][\/vc_row_inner][vc_row_inner row_type=\u00a0\u00bbrow\u00a0\u00bb type=\u00a0\u00bbfull_width\u00a0\u00bb text_align=\u00a0\u00bbleft\u00a0\u00bb css_animation=\u00a0\u00bb\u00a0\u00bb][vc_column_inner][vc_column_text]<\/p>\n<p style=\"text-align: center;\"><strong>T\u00e9l\u00e9chargez notre Certificat EN 1090<\/strong><\/p>\n<p><a href=\"https:\/\/www.arlam.com\/wp-content\/uploads\/2024\/08\/certificato-1090.pdf\" target=\"_blank\" rel=\"attachment wp-att-15750 noopener\"><img loading=\"lazy\" class=\"aligncenter wp-image-15750\" src=\"http:\/\/www.arlam.com\/wp-content\/uploads\/2015\/12\/icon_pdf-242x300.png\" alt=\"icon_pdf\" width=\"40\" height=\"50\" srcset=\"https:\/\/www.arlam.com\/wp-content\/uploads\/2015\/12\/icon_pdf-242x300.png 242w, https:\/\/www.arlam.com\/wp-content\/uploads\/2015\/12\/icon_pdf-768x953.png 768w, https:\/\/www.arlam.com\/wp-content\/uploads\/2015\/12\/icon_pdf-825x1024.png 825w, https:\/\/www.arlam.com\/wp-content\/uploads\/2015\/12\/icon_pdf-700x868.png 700w, https:\/\/www.arlam.com\/wp-content\/uploads\/2015\/12\/icon_pdf.png 1280w\" sizes=\"(max-width: 40px) 100vw, 40px\" \/><\/a>[\/vc_column_text][vc_empty_space height=\u00a0\u00bb8px\u00a0\u00bb][vc_separator type=\u00a0\u00bbnormal\u00a0\u00bb][vc_column_text]<\/p>\n<p style=\"text-align: center;\"><b>Emballage \u00c9tiquetage Environnemental<\/b><\/p>\n<p style=\"text-align: center;\"><a href=\"https:\/\/www.arlam.com\/wp-content\/uploads\/2015\/12\/qualita-2021.pdf\" target=\"_blank\" rel=\"attachment wp-att-15750 noopener\"><img loading=\"lazy\" class=\"aligncenter wp-image-15750\" src=\"http:\/\/www.arlam.com\/wp-content\/uploads\/2015\/12\/icon_pdf-242x300.png\" alt=\"icon_pdf\" width=\"40\" height=\"50\" srcset=\"https:\/\/www.arlam.com\/wp-content\/uploads\/2015\/12\/icon_pdf-242x300.png 242w, https:\/\/www.arlam.com\/wp-content\/uploads\/2015\/12\/icon_pdf-768x953.png 768w, https:\/\/www.arlam.com\/wp-content\/uploads\/2015\/12\/icon_pdf-825x1024.png 825w, https:\/\/www.arlam.com\/wp-content\/uploads\/2015\/12\/icon_pdf-700x868.png 700w, https:\/\/www.arlam.com\/wp-content\/uploads\/2015\/12\/icon_pdf.png 1280w\" sizes=\"(max-width: 40px) 100vw, 40px\" \/><\/a><\/p>\n<p>[\/vc_column_text][\/vc_column_inner][\/vc_row_inner][\/vc_column][vc_column width=\u00a0\u00bb1\/2&Prime;][vc_empty_space height=\u00a0\u00bb90px\u00a0\u00bb][vc_gallery type=\u00a0\u00bbflexslider_slide\u00a0\u00bb interval=\u00a0\u00bb5&Prime; images=\u00a0\u00bb15851,15740,15862,16230&Prime; img_size=\u00a0\u00bb400&#215;400&Prime; frame=\u00a0\u00bbno\u00a0\u00bb][\/vc_column][\/vc_row][vc_row css_animation=\u00a0\u00bb\u00a0\u00bb row_type=\u00a0\u00bbrow\u00a0\u00bb use_row_as_full_screen_section=\u00a0\u00bbno\u00a0\u00bb type=\u00a0\u00bbfull_width\u00a0\u00bb angled_section=\u00a0\u00bbno\u00a0\u00bb text_align=\u00a0\u00bbleft\u00a0\u00bb background_image_as_pattern=\u00a0\u00bbwithout_pattern\u00a0\u00bb][vc_column][vc_empty_space height=\u00a0\u00bb30px\u00a0\u00bb][\/vc_column][\/vc_row]<\/p>\n","protected":false},"excerpt":{"rendered":"<p>[vc_row css_animation=\u00a0\u00bb\u00a0\u00bb row_type=\u00a0\u00bbrow\u00a0\u00bb use_row_as_full_screen_section=\u00a0\u00bbno\u00a0\u00bb type=\u00a0\u00bbfull_width\u00a0\u00bb angled_section=\u00a0\u00bbno\u00a0\u00bb text_align=\u00a0\u00bbleft\u00a0\u00bb background_image_as_pattern=\u00a0\u00bbwithout_pattern\u00a0\u00bb][vc_column][vc_separator type=\u00a0\u00bbnormal\u00a0\u00bb up=\u00a0\u00bb20&Prime; down=\u00a0\u00bb20&Prime;][\/vc_column][\/vc_row][vc_row css_animation=\u00a0\u00bb\u00a0\u00bb row_type=\u00a0\u00bbrow\u00a0\u00bb use_row_as_full_screen_section=\u00a0\u00bbno\u00a0\u00bb type=\u00a0\u00bbfull_width\u00a0\u00bb angled_section=\u00a0\u00bbno\u00a0\u00bb text_align=\u00a0\u00bbleft\u00a0\u00bb background_image_as_pattern=\u00a0\u00bbwithout_pattern\u00a0\u00bb][vc_column width=\u00a0\u00bb1\/2&Prime;][vc_empty_space height=\u00a0\u00bb45px\u00a0\u00bb][vc_column_text] Pour ARLAM la qualit\u00e9 est le point de d\u00e9part. Le point d\u2019arriv\u00e9e est la confiance que ses clients lui renouvellent, un patrimoine pr\u00e9cieux qui est&#8230;<\/p>\n","protected":false},"author":1,"featured_media":0,"parent":0,"menu_order":0,"comment_status":"closed","ping_status":"closed","template":"","meta":[],"_links":{"self":[{"href":"https:\/\/www.arlam.com\/fr\/wp-json\/wp\/v2\/pages\/15965"}],"collection":[{"href":"https:\/\/www.arlam.com\/fr\/wp-json\/wp\/v2\/pages"}],"about":[{"href":"https:\/\/www.arlam.com\/fr\/wp-json\/wp\/v2\/types\/page"}],"author":[{"embeddable":true,"href":"https:\/\/www.arlam.com\/fr\/wp-json\/wp\/v2\/users\/1"}],"replies":[{"embeddable":true,"href":"https:\/\/www.arlam.com\/fr\/wp-json\/wp\/v2\/comments?post=15965"}],"version-history":[{"count":29,"href":"https:\/\/www.arlam.com\/fr\/wp-json\/wp\/v2\/pages\/15965\/revisions"}],"predecessor-version":[{"id":17839,"href":"https:\/\/www.arlam.com\/fr\/wp-json\/wp\/v2\/pages\/15965\/revisions\/17839"}],"wp:attachment":[{"href":"https:\/\/www.arlam.com\/fr\/wp-json\/wp\/v2\/media?parent=15965"}],"curies":[{"name":"wp","href":"https:\/\/api.w.org\/{rel}","templated":true}]}}