{"id":17704,"date":"2016-02-04T15:30:12","date_gmt":"2016-02-04T14:30:12","guid":{"rendered":"https:\/\/www.arlam.com\/privacy\/"},"modified":"2025-07-11T10:58:46","modified_gmt":"2025-07-11T08:58:46","slug":"privacy","status":"publish","type":"page","link":"https:\/\/www.arlam.com\/de\/privacy\/","title":{"rendered":"Privacy"},"content":{"rendered":"<p style=\"font-weight: 400;\"><strong>DATENSCHUTZRICHTLINIE &#8211;<\/strong> <a href=\"http:\/\/www.arlam.com\/\"><strong>www.arlam.com<\/strong><\/a><\/p>\n<p style=\"font-weight: 400;\">Sehr geehrter Nutzer, die Europ\u00e4ische Verordnung zum Schutz personenbezogener Daten (DSGVO) schreibt in Artikel 13 Absatz 1 die Verpflichtung vor, den Betroffenen im Falle einer Direkterhebung zu informieren Ihrer Daten \u00fcber die grundlegenden Elemente der Verarbeitung, die in \u00a7 1 Buchstaben a\/f n\u00e4her erl\u00e4utert werden. Daher werden Sie dar\u00fcber informiert, dass:<\/p>\n<p style=\"font-weight: 400;\"><strong>VERANTWORTLICHER F\u00dcR DIE DATENVERARBEITUNG<\/strong><\/p>\n<p style=\"font-weight: 400;\">Der Verantwortliche f\u00fcr die Datenverarbeitung ist die Firma <strong>ARLAM SRL <\/strong>mit Sitz in Forl\u00ec, Via Meucci 17,<\/p>\n<p style=\"font-weight: 400;\">PEC: <a href=\"mailto:arlamsrl@cert.cna.it\">arlamsrl@cert.cna.it <\/a>E-MAIL: <a href=\"mailto:arlam@arlam.com\">arlam@arlam.com<\/a><\/p>\n<p style=\"font-weight: 400;\">TEL: 0543720112 FAX: 0543723910<\/p>\n<p style=\"font-weight: 400;\"><strong>DATENVERARBEITUNGSMETHODEN:<\/strong><\/p>\n<p style=\"font-weight: 400;\">Die von Ihnen bereitgestellten personenbezogenen Daten werden gem\u00e4\u00df den oben genannten Rechtsvorschriften und den Vertraulichkeitsverpflichtungen verarbeitet, die f\u00fcr die Aktivit\u00e4ten des Verantwortlichen gelten. Die Daten werden sowohl computergest\u00fctzt als auch auf Papier sowie auf allen anderen geeigneten Medien (z. B. Cloud-Systeme, digitale Archivierungs- und Aufbewahrungssysteme usw.) unter Einhaltung der entsprechenden technischen und organisatorischen Sicherheitsma\u00dfnahmen der DSGVO verarbeitet.<\/p>\n<p style=\"font-weight: 400;\"><strong>\u00a0<\/strong><strong>DATENKATEGORIEN:<\/strong><\/p>\n<p style=\"font-weight: 400;\">Gegenstand der Verarbeitung k\u00f6nnen Ihre personenbezogenen Daten sein wie beispielsweise:<\/p>\n<ol>\n<li><strong>Automatisch erfasste Daten <\/strong>. Die f\u00fcr den Betrieb der Site verwendeten Computersysteme und Verfahren erfassen w\u00e4hrend ihres normalen Betriebs einige personenbezogene Daten, deren \u00dcbertragung bei der Verwendung von Internet-Kommunikationsprotokollen implizit ist. Diese Informationen werden nicht erfasst, um mit identifizierten betroffenen Personen in Verbindung gebracht zu werden, k\u00f6nnten aber aufgrund ihrer Beschaffenheit durch Verarbeitung und Verkn\u00fcpfung mit Daten im Besitz von Dritten eine Identifizierung der Benutzer erm\u00f6glichen. Zu dieser Datenkategorie geh\u00f6ren die IP-Adressen oder Dom\u00e4nennamen der Computer, die von den Benutzern verwendet werden, die eine Verbindung zur Site herstellen, die URI-Adressen ( <em>Uniform Resource Identifier <\/em>) der angeforderten Ressourcen, die Uhrzeit der Anforderung, die zum Senden der Anforderung an den Server verwendete Methode, die Gr\u00f6\u00dfe der als Antwort erhaltenen Datei, der numerische Code, der den Status der Antwort vom Server angibt (erfolgreich, Fehler usw.) und andere Parameter in Bezug auf das Betriebssystem und die Computerumgebung des Benutzers. Diese Daten werden ausschlie\u00dflich zu dem Zweck verarbeitet, statistische Informationen \u00fcber die Nutzung der Site zu erhalten und deren korrekte Funktionsweise zu \u00fcberpr\u00fcfen.<\/li>\n<li><strong>Vom Nutzer freiwillig bereitgestellte Daten <\/strong>. Das freiwillige und ausdr\u00fcckliche Versenden von E-Mails an die in den verschiedenen Zugangskan\u00e4len dieser Website angegebenen Adressen erfordert keine Zustimmung und beinhaltet die Erfassung der Adresse und Daten des Absenders, die zur Beantwortung von Anfragen erforderlich sind, sowie aller anderen in der Nachricht enthaltenen personenbezogenen Daten. Diese Daten gelten als vom Nutzer bei der Anforderung des Dienstes freiwillig bereitgestellt. Auf der Seite \u201eKontakte\u201c der Website finden Sie jedoch spezifische zusammenfassende Informationen: Der Nutzer muss der Verwendung der in diesem Formular bereitgestellten Daten ausdr\u00fccklich zustimmen, um die Anfrage absenden zu k\u00f6nnen.<\/li>\n<li><strong>Cookies . Die Website verwendet Cookies. Weitere Informationen <\/strong>finden Sie in der <a href=\"https:\/\/mondoprivacy.it\/cookie-policy-mondoprivacy\"><strong>Cookie-Richtlinie <\/strong><\/a><a href=\"https:\/\/mondoprivacy.it\/cookie-policy\/\">.<\/a><\/li>\n<\/ol>\n<p style=\"font-weight: 400;\"><strong>QUELLE DER PERSONENBEZOGENEN DATEN:<\/strong><\/p>\n<p style=\"font-weight: 400;\">Die vom Datenverantwortlichen gespeicherten personenbezogenen Daten werden direkt bei der betroffenen Partei erhoben.<\/p>\n<p style=\"font-weight: 400;\"><strong>ZWECK DER DATENVERARBEITUNG UND RECHTSGRUNDLAGE:<\/strong><\/p>\n<p style=\"font-weight: 400;\">Die Verarbeitung Ihrer Daten erfolgt zu folgenden Zwecken und auf folgenden Rechtsgrundlagen:<\/p>\n<ol>\n<li>Bei <strong>automatisch erhobenen Daten <\/strong>ist die Rechtsgrundlage das berechtigte Interesse des Eigent\u00fcmers und der Zweck besteht darin, das Surferlebnis im Internet zu gew\u00e4hrleisten und zu verbessern.<\/li>\n<li>Bei <strong>den vom Benutzer freiwillig bereitgestellten Daten <\/strong>besteht die Rechtsgrundlage in der Erf\u00fcllung einer rechtlichen Verpflichtung und der Zweck darin, Antworten auf spezifische Anfragen des Benutzers senden zu k\u00f6nnen. Beim Kontaktformular sind Zweck und Rechtsgrundlage in den spezifischen Informationen angegeben, die im Formular enthalten sind.<\/li>\n<li>F\u00fcr <strong>Cookies <\/strong>: siehe Spezifikation<a href=\"https:\/\/mondoprivacy.it\/cookie-policy-mondoprivacy\">Cookie-Richtlinien.<\/a><\/li>\n<\/ol>\n<p style=\"font-weight: 400;\"><strong>DATENEMPF\u00c4NGER:<\/strong><\/p>\n<p style=\"font-weight: 400;\">Innerhalb der f\u00fcr die angegebenen Verarbeitungszwecke relevanten Grenzen k\u00f6nnen Ihre Daten an vom Verantwortlichen als Auftragsverarbeiter benannte Dritte weitergegeben werden (eine Liste dieser Dritten kann beim Verantwortlichen angefordert werden). Die erhobenen personenbezogenen Daten werden auch von Mitarbeitern <strong>der Arlam srl verarbeitet <\/strong>, die auf der Grundlage spezifischer Anweisungen zur Datenverarbeitung f\u00fcr spezifische Aufgaben und Funktionen handeln, die die Einhaltung bestimmter Vertraulichkeitsverpflichtungen erfordern. Ihre Daten werden in keiner Weise weitergegeben.<\/p>\n<p style=\"font-weight: 400;\"><strong>DATEN\u00dcBERMITTLUNG IN DRITTL\u00c4NDER:<\/strong><\/p>\n<p style=\"font-weight: 400;\">Derzeit ist keine \u00dcbermittlung Ihrer Daten in ein Drittland geplant. Sollte eine solche \u00dcbermittlung erfolgen, erfolgt sie gem\u00e4\u00df den geltenden Gesetzen, unter Einhaltung der von der Europ\u00e4ischen Kommission bereitgestellten Standardvertragsklauseln und gegebenenfalls nach Benachrichtigung der betroffenen Parteien.<\/p>\n<p style=\"font-weight: 400;\"><strong>AUFBEWAHRUNGSZEITRAUM:<\/strong><\/p>\n<p style=\"font-weight: 400;\">Gem\u00e4\u00df dem Grundsatz der Speicherbegrenzung (Art. 5 DSGVO) wird regelm\u00e4\u00dfig \u00fcberpr\u00fcft, ob die gespeicherten Daten f\u00fcr die Zwecke, f\u00fcr die sie erhoben wurden, nicht mehr ben\u00f6tigt werden. Konkret:<\/p>\n<ol>\n<li>Die automatisch erhobenen Daten werden f\u00fcr die unbedingt erforderliche Zeit und ausschlie\u00dflich zum Zwecke der Erhebung statistischer Informationen \u00fcber die Nutzung der Website und zur \u00dcberwachung ihrer ordnungsgem\u00e4\u00dfen Funktionsweise verarbeitet, auch zu Sicherheitszwecken oder gem\u00e4\u00df den gesetzlich festgelegten Fristen.<\/li>\n<li>Die vom Benutzer freiwillig bereitgestellten Daten werden nur so lange gespeichert, wie es f\u00fcr die Erreichung der Zwecke, f\u00fcr die sie verarbeitet werden, erforderlich ist, oder gem\u00e4\u00df den gesetzlich festgelegten Fristen.<\/li>\n<li>Durch Cookies erfasste Daten: Bitte beachten Sie die spezifische <a href=\"https:\/\/mondoprivacy.it\/cookie-policy-mondoprivacy\">Cookie-Richtlinie<\/a><\/li>\n<\/ol>\n<p style=\"font-weight: 400;\"><strong>RECHTE DER BETROFFENEN PERSON:<\/strong><\/p>\n<p style=\"font-weight: 400;\">Die betroffene Person hat jederzeit das Recht, vom Verantwortlichen <strong>Zugriff <\/strong>auf ihre Daten, deren <strong>Berichtigung <\/strong>oder <strong>L\u00f6schung , die Einschr\u00e4nkung <\/strong>der Verarbeitung, das Widerspruchsrecht <em>, das Recht auf <\/em><strong>Daten\u00fcbertragbarkeit oder den Widerruf der Einwilligung zur Verarbeitung <\/strong>zu verlangen . Diese und weitere Rechte der DSGVO k\u00f6nnen durch eine einfache Mitteilung an den Verantwortlichen ausge\u00fcbt werden. Die betroffene Person kann au\u00dferdem Beschwerde bei einer Aufsichtsbeh\u00f6rde einreichen.<\/p>\n<p style=\"font-weight: 400;\"><strong>OBLIGATORISCHER ODER OPTIONALER CHARAKTER DER BEREITSTELLUNG:<\/strong><\/p>\n<p style=\"font-weight: 400;\">Die Angabe Ihrer Daten ist beim Besuch unserer Website zu den unter Punkt 1 und 2 genannten Zwecken zwingend erforderlich, um die ordnungsgem\u00e4\u00dfe Erbringung der Dienstleistung zu erm\u00f6glichen.<\/p>\n","protected":false},"excerpt":{"rendered":"<p>DATENSCHUTZRICHTLINIE &#8211; www.arlam.com Sehr geehrter Nutzer, die Europ\u00e4ische Verordnung zum Schutz personenbezogener Daten (DSGVO) schreibt in Artikel 13 Absatz 1 die Verpflichtung vor, den Betroffenen im Falle einer Direkterhebung zu informieren Ihrer Daten \u00fcber die grundlegenden Elemente der Verarbeitung, die in \u00a7 1 Buchstaben a\/f&#8230;<\/p>\n","protected":false},"author":1,"featured_media":0,"parent":0,"menu_order":0,"comment_status":"closed","ping_status":"closed","template":"","meta":[],"_links":{"self":[{"href":"https:\/\/www.arlam.com\/de\/wp-json\/wp\/v2\/pages\/17704"}],"collection":[{"href":"https:\/\/www.arlam.com\/de\/wp-json\/wp\/v2\/pages"}],"about":[{"href":"https:\/\/www.arlam.com\/de\/wp-json\/wp\/v2\/types\/page"}],"author":[{"embeddable":true,"href":"https:\/\/www.arlam.com\/de\/wp-json\/wp\/v2\/users\/1"}],"replies":[{"embeddable":true,"href":"https:\/\/www.arlam.com\/de\/wp-json\/wp\/v2\/comments?post=17704"}],"version-history":[{"count":4,"href":"https:\/\/www.arlam.com\/de\/wp-json\/wp\/v2\/pages\/17704\/revisions"}],"predecessor-version":[{"id":17830,"href":"https:\/\/www.arlam.com\/de\/wp-json\/wp\/v2\/pages\/17704\/revisions\/17830"}],"wp:attachment":[{"href":"https:\/\/www.arlam.com\/de\/wp-json\/wp\/v2\/media?parent=17704"}],"curies":[{"name":"wp","href":"https:\/\/api.w.org\/{rel}","templated":true}]}}