{"id":15995,"date":"2015-12-28T11:22:53","date_gmt":"2015-12-28T10:22:53","guid":{"rendered":"http:\/\/www.arlam.com\/de\/produzione\/"},"modified":"2024-02-17T17:46:35","modified_gmt":"2024-02-17T16:46:35","slug":"produzione","status":"publish","type":"page","link":"https:\/\/www.arlam.com\/de\/produzione\/","title":{"rendered":"Produktion"},"content":{"rendered":"<p>[vc_row css_animation=&#8220;&#8220; row_type=&#8220;row&#8220; use_row_as_full_screen_section=&#8220;no&#8220; type=&#8220;full_width&#8220; angled_section=&#8220;no&#8220; text_align=&#8220;left&#8220; background_image_as_pattern=&#8220;without_pattern&#8220;][vc_column]<div class='q_icon_with_title very_large circle center '><div class=\"icon_holder q_icon_animation\" style=\" transition-delay: 200ms; -webkit-transition-delay: 200ms; -moz-transition-delay: 200ms; -o-transition-delay: 200ms;\"><span data-icon-type=\"circle\" data-icon-hover-color=\"#fc0d1b\" data-icon-hover-bg-color=\"#f9fafa\" class=\"qode_iwt_icon_holder fa-stack fa-5x  \" style=\"font-size: 48px;background-color: #f9fafa;\"><i class=\"qode_icon_font_awesome fa fa-tasks qode_iwt_icon_element\" style=\"font-size: 40px;color: #333745;\" ><\/i><\/span><\/div><div class=\"icon_text_holder\" style=\"\"><div class=\"icon_text_inner\" style=\"\"><h5 class=\"icon_title\" style=\"\">Der vollst\u00e4ndige Service \u2013 zur Verf\u00fcgung des Kunden<\/h5><p style=''><\/p><\/div><\/div><\/div>[vc_separator type=&#8220;normal&#8220;][\/vc_column][\/vc_row][vc_row css_animation=&#8220;&#8220; row_type=&#8220;row&#8220; use_row_as_full_screen_section=&#8220;no&#8220; type=&#8220;full_width&#8220; angled_section=&#8220;no&#8220; text_align=&#8220;left&#8220; background_image_as_pattern=&#8220;without_pattern&#8220;][vc_column width=&#8220;1\/2&#8243;][vc_empty_space height=&#8220;90px&#8220;][vc_text_separator title=&#8220;Laserschnitt&#8220; border=&#8220;no&#8220;][vc_empty_space height=&#8220;40px&#8220;][vc_column_text]<\/p>\n<p style=\"text-align: center;\">Laserschnitt Prima Industrie Platino 4000 Watt<br \/>\nLaserschnitt Mitsubishi ML 3015<\/p>\n<p>[\/vc_column_text][vc_empty_space height=&#8220;15px&#8220;][vc_column_text]<\/p>\n<p style=\"text-align: center;\">Maximale Abmessungen: 3000\u00d71500 mm<br \/>\nMaximale Bearbeitungsst\u00e4rken:<br \/>\n25 mm f\u00fcr Stahlbleche<br \/>\n15 mm f\u00fcr Edelstahlblech<br \/>\n10 mm f\u00fcr Aluminiumbleche<\/p>\n<p>[\/vc_column_text][\/vc_column][vc_column width=&#8220;1\/2&#8243;][vc_empty_space height=&#8220;90px&#8220;][vc_gallery type=&#8220;flexslider_slide&#8220; interval=&#8220;5&#8243; images=&#8220;16202,16203,16243,16239&#8243; img_size=&#8220;400&#215;400&#8243;][\/vc_column][\/vc_row][vc_row css_animation=&#8220;&#8220; row_type=&#8220;row&#8220; use_row_as_full_screen_section=&#8220;no&#8220; type=&#8220;full_width&#8220; angled_section=&#8220;no&#8220; text_align=&#8220;left&#8220; background_image_as_pattern=&#8220;without_pattern&#8220;][vc_column width=&#8220;1\/2&#8243;][vc_empty_space height=&#8220;90px&#8220;][vc_text_separator title=&#8220;Lochstanzen&#8220; border=&#8220;no&#8220;][vc_empty_space height=&#8220;40px&#8220;][vc_column_text]<\/p>\n<p style=\"text-align: center;\">Kombinierte Laser-Lochmaschine Finn-Power CG1530,<br \/>\nauch zum Tiefziehen, Sicken und Gewindeschneiden<br \/>\nMaximale Abmessungen 3000\u00d71500 mm<br \/>\nMaximale Bearbeitungsst\u00e4rke 6 mm<\/p>\n<p>[\/vc_column_text][vc_empty_space height=&#8220;15px&#8220;][vc_column_text]<\/p>\n<p style=\"text-align: center;\">Das Potential der Schneidemaschinen wird durch ihre<br \/>\nVerbindung mit zwei automatisierten Magazinen hervorgehoben,<br \/>\ndie Rohstoffe und Halbfertigerzeugnisse verwalten und<br \/>\nder Schneideinsel somit eine kontinuierliche Bearbeitung erm\u00f6glichen.<\/p>\n<p>[\/vc_column_text][\/vc_column][vc_column width=&#8220;1\/2&#8243;][vc_empty_space height=&#8220;90px&#8220;][vc_gallery type=&#8220;flexslider_slide&#8220; interval=&#8220;5&#8243; images=&#8220;15855,15885,15886&#8243; img_size=&#8220;400&#215;400&#8243;][\/vc_column][\/vc_row][vc_row css_animation=&#8220;&#8220; row_type=&#8220;row&#8220; use_row_as_full_screen_section=&#8220;no&#8220; type=&#8220;full_width&#8220; angled_section=&#8220;no&#8220; text_align=&#8220;left&#8220; background_image_as_pattern=&#8220;without_pattern&#8220;][vc_column width=&#8220;1\/2&#8243;][vc_empty_space height=&#8220;90px&#8220;][vc_text_separator title=&#8220;Biegen&#8220; border=&#8220;no&#8220;][vc_empty_space height=&#8220;40px&#8220;][vc_column_text]<\/p>\n<p style=\"text-align: center;\">Nr. 6 Biegepressen mit Biegewinkel-Steuerung f\u00fcr<br \/>\ndie<span class=\"Apple-converted-space\">\u00a0 <\/span>Realisierung von Pr\u00e4zisionserzeugnissen<\/p>\n<p>[\/vc_column_text][vc_empty_space height=&#8220;15px&#8220;][vc_column_text]<\/p>\n<p style=\"text-align: center;\">Maximale L\u00e4nge des gebogenen Werkst\u00fccks 3000 mm<\/p>\n<p>[\/vc_column_text][\/vc_column][vc_column width=&#8220;1\/2&#8243;][vc_empty_space height=&#8220;90px&#8220;][vc_gallery type=&#8220;flexslider_slide&#8220; interval=&#8220;5&#8243; images=&#8220;15857,15887,15888&#8243; img_size=&#8220;400&#215;400&#8243;][\/vc_column][\/vc_row][vc_row css_animation=&#8220;&#8220; row_type=&#8220;row&#8220; use_row_as_full_screen_section=&#8220;no&#8220; type=&#8220;full_width&#8220; angled_section=&#8220;no&#8220; text_align=&#8220;left&#8220; background_image_as_pattern=&#8220;without_pattern&#8220;][vc_column width=&#8220;1\/2&#8243;][vc_empty_space height=&#8220;90px&#8220;][vc_text_separator title=&#8220;Schwei\u00dfen&#8220; border=&#8220;no&#8220;][vc_empty_space height=&#8220;40px&#8220;][vc_column_text]<\/p>\n<p style=\"text-align: center;\">Nr. 13 Schwei\u00dfstationen<br \/>\nMig (Drahtschwei\u00dfen)<br \/>\nMag<br \/>\nTig (Schwei\u00dfen von rostfreiem Stahl)<br \/>\nElektro-Punktschwei\u00dfen<br \/>\n\u00d6l- und wasserdichtes Schwei\u00dfen und, auf Anfrage, entsprechende Pr\u00fcfungen<\/p>\n<p>[\/vc_column_text][vc_empty_space height=&#8220;15px&#8220;][vc_column_text]<\/p>\n<p style=\"text-align: center;\">Nr. 3 robotisierte Schwei\u00dfstationen inkl.<br \/>\nDoppelrundtisch mit einer L\u00e4nge von 1400 x 2500 mm.<span class=\"Apple-converted-space\">\u00a0<\/span><\/p>\n<p>[\/vc_column_text][vc_empty_space height=&#8220;15px&#8220;][vc_column_text]<\/p>\n<p style=\"text-align: center;\">Wir erstellen Schwei\u00dfvorrichtungen f\u00fcr die Standardisierung der Produktqualit\u00e4t.<span class=\"Apple-converted-space\">\u00a0<\/span><\/p>\n<p>[\/vc_column_text][\/vc_column][vc_column width=&#8220;1\/2&#8243;][vc_empty_space height=&#8220;90px&#8220;][vc_gallery type=&#8220;flexslider_slide&#8220; interval=&#8220;5&#8243; images=&#8220;16206,16207,16208,16209&#8243; img_size=&#8220;400&#215;400&#8243;][\/vc_column][\/vc_row][vc_row css_animation=&#8220;&#8220; row_type=&#8220;row&#8220; use_row_as_full_screen_section=&#8220;no&#8220; type=&#8220;full_width&#8220; angled_section=&#8220;no&#8220; text_align=&#8220;left&#8220; background_image_as_pattern=&#8220;without_pattern&#8220;][vc_column width=&#8220;1\/2&#8243;][vc_empty_space height=&#8220;90px&#8220;][vc_text_separator title=&#8220;Bearbeitungszentren&#8220; border=&#8220;no&#8220;][vc_empty_space height=&#8220;40px&#8220;][vc_column_text]<\/p>\n<p style=\"text-align: center;\">Die mechanische Bearbeitungen f\u00fchren wir in zwei<br \/>\nCNC-Bearbeitungszentren mit 4 Achsen durch<br \/>\n(Nr.1 mm 1670 x 830 und Nr.1 mm 800 x 500)<\/p>\n<p>[\/vc_column_text][\/vc_column][vc_column width=&#8220;1\/2&#8243;][vc_empty_space height=&#8220;90px&#8220;][vc_gallery type=&#8220;flexslider_slide&#8220; interval=&#8220;5&#8243; images=&#8220;16210,16211&#8243; img_size=&#8220;400&#215;400&#8243;][\/vc_column][\/vc_row][vc_row css_animation=&#8220;&#8220; row_type=&#8220;row&#8220; use_row_as_full_screen_section=&#8220;no&#8220; type=&#8220;full_width&#8220; angled_section=&#8220;no&#8220; text_align=&#8220;left&#8220; background_image_as_pattern=&#8220;without_pattern&#8220;][vc_column width=&#8220;1\/2&#8243;][vc_empty_space][vc_text_separator title=&#8220;Oberfl\u00e4chenbehandlungen&#8220; border=&#8220;no&#8220;][vc_empty_space height=&#8220;40px&#8220;][vc_column_text]<\/p>\n<p style=\"text-align: center;\">Lackierung, Verzinkung, Verchromung, Br\u00fcnierung,<br \/>\nPhosphatierung, Polieren, Eloxierung<\/p>\n<p>[\/vc_column_text][vc_empty_space height=&#8220;15px&#8220;][vc_column_text]<\/p>\n<p style=\"text-align: center;\">Alle werden von einem Netzwerk zuverl\u00e4ssiger und qualifizierter Lieferfirmen<br \/>\nausgef\u00fchrt, deren Leistungen kontinuierlich \u00fcberwacht werden<\/p>\n<p>[\/vc_column_text][\/vc_column][vc_column width=&#8220;1\/2&#8243;][vc_empty_space height=&#8220;90px&#8220;][vc_gallery type=&#8220;flexslider_slide&#8220; interval=&#8220;5&#8243; images=&#8220;15859,15893,15894&#8243; img_size=&#8220;400&#215;400&#8243;][\/vc_column][\/vc_row][vc_row css_animation=&#8220;&#8220; row_type=&#8220;row&#8220; use_row_as_full_screen_section=&#8220;no&#8220; type=&#8220;full_width&#8220; angled_section=&#8220;no&#8220; text_align=&#8220;left&#8220; background_image_as_pattern=&#8220;without_pattern&#8220;][vc_column width=&#8220;1\/2&#8243;][vc_empty_space height=&#8220;90px&#8220;][vc_text_separator title=&#8220;MONTAGE&#8220; border=&#8220;no&#8220;][vc_empty_space height=&#8220;40px&#8220;][vc_column_text]<\/p>\n<p style=\"text-align: center;\">Wir liefern einen vollst\u00e4ndigen Rundum-Service durch den Einsatz einer<br \/>\nspezialisierten Abteilung, die die Montage von schalld\u00e4mpfenden Schaumstoffen,<br \/>\nKlebstoffen, Verriegelungen, Scharnieren, Verkabelungen f\u00fcr Schalttafeln usw. ausf\u00fchren.<\/p>\n<p>[\/vc_column_text][\/vc_column][vc_column width=&#8220;1\/2&#8243;][vc_empty_space height=&#8220;90px&#8220;][vc_gallery type=&#8220;flexslider_slide&#8220; interval=&#8220;5&#8243; images=&#8220;15858,15895,15896,16212,16213&#8243; img_size=&#8220;400&#215;400&#8243;][\/vc_column][\/vc_row][vc_row css_animation=&#8220;&#8220; row_type=&#8220;row&#8220; use_row_as_full_screen_section=&#8220;no&#8220; type=&#8220;full_width&#8220; angled_section=&#8220;no&#8220; text_align=&#8220;left&#8220; background_image_as_pattern=&#8220;without_pattern&#8220;][vc_column][vc_empty_space][\/vc_column][\/vc_row]<\/p>\n","protected":false},"excerpt":{"rendered":"<p>[vc_row css_animation=&#8220;&#8220; row_type=&#8220;row&#8220; use_row_as_full_screen_section=&#8220;no&#8220; type=&#8220;full_width&#8220; angled_section=&#8220;no&#8220; text_align=&#8220;left&#8220; background_image_as_pattern=&#8220;without_pattern&#8220;][vc_column][vc_separator type=&#8220;normal&#8220;][\/vc_column][\/vc_row][vc_row css_animation=&#8220;&#8220; row_type=&#8220;row&#8220; use_row_as_full_screen_section=&#8220;no&#8220; type=&#8220;full_width&#8220; angled_section=&#8220;no&#8220; text_align=&#8220;left&#8220; background_image_as_pattern=&#8220;without_pattern&#8220;][vc_column width=&#8220;1\/2&#8243;][vc_empty_space height=&#8220;90px&#8220;][vc_text_separator title=&#8220;Laserschnitt&#8220; border=&#8220;no&#8220;][vc_empty_space height=&#8220;40px&#8220;][vc_column_text] Laserschnitt Prima Industrie Platino 4000 Watt Laserschnitt Mitsubishi ML 3015 [\/vc_column_text][vc_empty_space height=&#8220;15px&#8220;][vc_column_text] Maximale Abmessungen: 3000\u00d71500 mm Maximale Bearbeitungsst\u00e4rken: 25 mm f\u00fcr Stahlbleche 15 mm&#8230;<\/p>\n","protected":false},"author":1,"featured_media":0,"parent":0,"menu_order":0,"comment_status":"closed","ping_status":"closed","template":"","meta":[],"_links":{"self":[{"href":"https:\/\/www.arlam.com\/de\/wp-json\/wp\/v2\/pages\/15995"}],"collection":[{"href":"https:\/\/www.arlam.com\/de\/wp-json\/wp\/v2\/pages"}],"about":[{"href":"https:\/\/www.arlam.com\/de\/wp-json\/wp\/v2\/types\/page"}],"author":[{"embeddable":true,"href":"https:\/\/www.arlam.com\/de\/wp-json\/wp\/v2\/users\/1"}],"replies":[{"embeddable":true,"href":"https:\/\/www.arlam.com\/de\/wp-json\/wp\/v2\/comments?post=15995"}],"version-history":[{"count":13,"href":"https:\/\/www.arlam.com\/de\/wp-json\/wp\/v2\/pages\/15995\/revisions"}],"predecessor-version":[{"id":17762,"href":"https:\/\/www.arlam.com\/de\/wp-json\/wp\/v2\/pages\/15995\/revisions\/17762"}],"wp:attachment":[{"href":"https:\/\/www.arlam.com\/de\/wp-json\/wp\/v2\/media?parent=15995"}],"curies":[{"name":"wp","href":"https:\/\/api.w.org\/{rel}","templated":true}]}}